{"id":137,"date":"2019-07-24T14:21:41","date_gmt":"2019-07-24T14:21:41","guid":{"rendered":"https:\/\/kusnezov.de\/?page_id=137"},"modified":"2023-07-19T08:26:41","modified_gmt":"2023-07-19T08:26:41","slug":"home","status":"publish","type":"page","link":"https:\/\/kusnezov.de\/","title":{"rendered":"Kusnezov"},"content":{"rendered":"\n<h4 class=\"wp-block-heading\">EINKAUFSDIENSTLEISTUNG&nbsp;<\/h4>\n\n\n\n<p><strong>Optimale Konditionen durch Mengenb\u00fcndelung und effiziente Prozesse<\/strong>&nbsp;<\/p>\n\n\n\n<p>Ob in der Automobil-, Medizintechnik, Elektronikindustrie, dem Werkzeug- und Formenbau oder  anderen Branchen, in denen der Einkauf eine wichtige Rolle spielt \u2013  wenn maximale Pr\u00e4zision und Bearbeitungsqualit\u00e4t bei hoher Produktivit\u00e4t  und Wirtschaftlichkeit gefordert sind, ist Kusnezov erste Wahl. <\/p>\n\n\n\n<p>Im Einkauf liegt bekanntlich der Gewinn. Oft schlummern hier Potenziale,\nwelche nicht ausgesch\u00f6pft oder nicht identifiziert werden k\u00f6nnen.<\/p>\n\n\n\n<p>Als Einkaufsdienstleister mit hoher Spezialisierung und Qualifizierung in\nden Fachbereichen Einkauf und Logistik ermitteln wir f\u00fcr Sie Ihre\nM\u00f6glichkeiten, Kosten zu reduzieren und Einsparungen zu realisieren. Mit\nunserer <strong>Einkaufsdienstleistung<\/strong> profitiert Ihr Unternehmen von unserem\nKnow-how vor allem in operativen Fragen der <strong>Einkaufsoptimierung<\/strong>. \n\nVon der\nIst-Aufnahme, \u00fcber eine Potenzialanalyse bis zur Umsetzung und dem\nEinkaufscontrolling sind wir immer mit dem Ziel an Ihrer Seite, optimale\nErgebnisse zu erarbeiten.\n\n\n\n<\/p>\n\n\n\n<p>Unsere Eink\u00e4ufer sind Experten in der B\u00fcndelung von Volumina, Ermittlung von passenden Bezugsquellen. In der Zusammenarbeit profitieren Sie von den Mengenrabatten in der Anschaffung, die wir durch Volumenb\u00fcndelung erzielen. Wir holen das Beste f\u00fcr Sie raus, um Ihren Gewinn zu steigern und somit einen Beitrag zur Steigerung Ihrer Wettbewerbsf\u00e4higkeit zu leisten.&nbsp;<\/p>\n\n\n\n<p>Als <strong>Einkaufsdienstleister<\/strong> und <strong>Systemlieferant<\/strong> profitieren Sie von unseren Leistungen, welche sich nach Ihren Anforderungen gestalten lassen. Wenn es darum geht Ihren Bedarf zu b\u00fcndeln, Ihren operativen Beschaffungsprozess durch die Reduzierung der Lieferantenvielfalt zu entlasten, oder nicht vorhandene Einkaufskapazit\u00e4t zu schaffen.      <\/p>\n\n\n\n<p><strong>Muster<\/strong>&#8211; sowie <strong>Serienfertigung<\/strong> geh\u00f6hren zu unserer Kompetenz  <\/p>\n\n\n\n<p> <\/p>\n\n\n\n<p><strong>Haben Sie Fragen ? Wir helfen gerne weiter. <br><\/strong>E-mail: info@kusnezov.de <br><\/p>\n","protected":false},"excerpt":{"rendered":"<p>EINKAUFSDIENSTLEISTUNG&nbsp; Optimale Konditionen durch Mengenb\u00fcndelung und effiziente Prozesse&nbsp; Ob in der Automobil-, Medizintechnik, Elektronikindustrie, dem Werkzeug- und Formenbau oder anderen Branchen, in denen der Einkauf eine wichtige Rolle spielt \u2013 wenn maximale Pr\u00e4zision und Bearbeitungsqualit\u00e4t bei hoher Produktivit\u00e4t und Wirtschaftlichkeit gefordert sind, ist Kusnezov erste Wahl. Im Einkauf liegt bekanntlich der Gewinn. Oft schlummern hier<\/p><\/div>\n<div class=\"blog-btn\"><a href=\"https:\/\/kusnezov.de\/\" class=\"home-blog-btn\">Weiterlesen<\/a><\/p>\n","protected":false},"author":1,"featured_media":0,"parent":0,"menu_order":0,"comment_status":"closed","ping_status":"closed","template":"","meta":{"footnotes":""},"class_list":["post-137","page","type-page","status-publish","hentry"],"_links":{"self":[{"href":"https:\/\/kusnezov.de\/index.php?rest_route=\/wp\/v2\/pages\/137","targetHints":{"allow":["GET"]}}],"collection":[{"href":"https:\/\/kusnezov.de\/index.php?rest_route=\/wp\/v2\/pages"}],"about":[{"href":"https:\/\/kusnezov.de\/index.php?rest_route=\/wp\/v2\/types\/page"}],"author":[{"embeddable":true,"href":"https:\/\/kusnezov.de\/index.php?rest_route=\/wp\/v2\/users\/1"}],"replies":[{"embeddable":true,"href":"https:\/\/kusnezov.de\/index.php?rest_route=%2Fwp%2Fv2%2Fcomments&post=137"}],"version-history":[{"count":16,"href":"https:\/\/kusnezov.de\/index.php?rest_route=\/wp\/v2\/pages\/137\/revisions"}],"predecessor-version":[{"id":282,"href":"https:\/\/kusnezov.de\/index.php?rest_route=\/wp\/v2\/pages\/137\/revisions\/282"}],"wp:attachment":[{"href":"https:\/\/kusnezov.de\/index.php?rest_route=%2Fwp%2Fv2%2Fmedia&parent=137"}],"curies":[{"name":"wp","href":"https:\/\/api.w.org\/{rel}","templated":true}]}}